{"id":2108,"date":"2016-07-25T20:23:19","date_gmt":"2016-07-25T17:23:19","guid":{"rendered":"https:\/\/www.alpbulgur.com\/en\/?page_id=2108"},"modified":"2023-06-17T21:23:50","modified_gmt":"2023-06-17T18:23:50","slug":"contact","status":"publish","type":"page","link":"https:\/\/www.alpbulgur.com\/en\/contact\/","title":{"rendered":"Contact"},"content":{"rendered":"<div class=\"wpb-content-wrapper\"><p>[vc_row type=&#8221;vc_default&#8221; css=&#8221;.vc_custom_1462464386910{margin-top: -50px !important;margin-bottom: -50px !important;padding-top: 80px !important;padding-bottom: 50px !important;}&#8221;][vc_column width=&#8221;1\/2&#8243; offset=&#8221;vc_col-lg-4 vc_col-md-4 vc_col-xs-12&#8243; css=&#8221;.vc_custom_1463577757424{padding-bottom: 30px !important;}&#8221;][vc_row_inner css=&#8221;.vc_custom_1462515106568{padding-right: 25px !important;padding-left: 25px !important;}&#8221;][vc_column_inner css=&#8221;.vc_custom_1462514891002{background-color: #f4f4f4 !important;}&#8221;]<div class=\"aio-icon-component  vc_custom_1469467364079   style_1\"><div id=\"Info-box-wrap-7694\" class=\"aio-icon-box left-icon\" style=\"\"  ><div class=\"aio-icon-left\"><div class=\"ult-just-icon-wrapper  \"><div class=\"align-icon\" style=\"text-align:center;\">\n<div class=\"aio-icon none \"  style=\"color:#333;font-size:20px;display:inline-block;\">\n\t<i class=\"Defaults-map-marker\"><\/i>\n<\/div><\/div><\/div><\/div><div class=\"aio-ibd-block\"><div class=\"aio-icon-header\" ><h3 class=\"aio-icon-title ult-responsive\"  data-ultimate-target='#Info-box-wrap-7694 .aio-icon-title'  data-responsive-json-new='{\"font-size\":\"desktop:16px;\",\"line-height\":\"desktop:26px;\"}'  style=\"font-family:&#039;Montserrat&#039;;font-weight:700;color:#000000;\">Adress<\/h3><\/div> <!-- header --><div class=\"aio-icon-description ult-responsive\"  data-ultimate-target='#Info-box-wrap-7694 .aio-icon-description'  data-responsive-json-new='{\"font-size\":\"\",\"line-height\":\"\"}'  style=\"\"><span style=\"color: #000000;\">Gazi Bulvar\u0131 S\u0131rakap\u0131lar Mah. 1581 Sok.<\/span><br \/>\n<span style=\"color: #000000;\">No: 1 D: 28, Merkezefendi &#8211; Denizli<br \/>\n<\/span><\/div> <!-- description --><\/div> <!-- aio-ibd-block --><\/div> <!-- aio-icon-box --><\/div> <!-- aio-icon-component --><div class=\"hr-thin style-dashed\" style=\"width: 100%;border-color: #d2d2d2;border-top-width: 1px;\"><\/div><div class=\"aio-icon-component  vc_custom_1687026206989   style_1\"><div id=\"Info-box-wrap-7967\" class=\"aio-icon-box left-icon\" style=\"\"  ><div class=\"aio-icon-left\"><div class=\"ult-just-icon-wrapper  \"><div class=\"align-icon\" style=\"text-align:center;\">\n<div class=\"aio-icon none \"  style=\"color:#333;font-size:20px;display:inline-block;\">\n\t<i class=\"Defaults-phone\"><\/i>\n<\/div><\/div><\/div><\/div><div class=\"aio-ibd-block\"><div class=\"aio-icon-header\" ><h3 class=\"aio-icon-title ult-responsive\"  data-ultimate-target='#Info-box-wrap-7967 .aio-icon-title'  data-responsive-json-new='{\"font-size\":\"desktop:16px;\",\"line-height\":\"desktop:26px;\"}'  style=\"font-family:&#039;Montserrat&#039;;font-weight:700;color:#000000;\">Phone<\/h3><\/div> <!-- header --><div class=\"aio-icon-description ult-responsive\"  data-ultimate-target='#Info-box-wrap-7967 .aio-icon-description'  data-responsive-json-new='{\"font-size\":\"\",\"line-height\":\"\"}'  style=\"\"><span style=\"color: #000000;\">+ 90 (258) 261 8436<\/span><br \/>\n<span style=\"color: #000000;\">+ 90 (532) 240 9319<\/span><\/div> <!-- description --><\/div> <!-- aio-ibd-block --><\/div> <!-- aio-icon-box --><\/div> <!-- aio-icon-component --><div class=\"hr-thin style-dashed\" style=\"width: 100%;border-color: #d2d2d2;border-top-width: 1px;\"><\/div><div class=\"aio-icon-component  vc_custom_1687026214941   style_1\"><div id=\"Info-box-wrap-7435\" class=\"aio-icon-box left-icon\" style=\"\"  ><div class=\"aio-icon-left\"><div class=\"ult-just-icon-wrapper  \"><div class=\"align-icon\" style=\"text-align:center;\">\n<div class=\"aio-icon none \"  style=\"color:#333;font-size:20px;display:inline-block;\">\n\t<i class=\"Defaults-envelope\"><\/i>\n<\/div><\/div><\/div><\/div><div class=\"aio-ibd-block\"><div class=\"aio-icon-header\" ><h3 class=\"aio-icon-title ult-responsive\"  data-ultimate-target='#Info-box-wrap-7435 .aio-icon-title'  data-responsive-json-new='{\"font-size\":\"desktop:16px;\",\"line-height\":\"desktop:26px;\"}'  style=\"font-family:&#039;Montserrat&#039;;font-weight:700;color:#000000;\">Email<\/h3><\/div> <!-- header --><div class=\"aio-icon-description ult-responsive\"  data-ultimate-target='#Info-box-wrap-7435 .aio-icon-description'  data-responsive-json-new='{\"font-size\":\"\",\"line-height\":\"\"}'  style=\"\"><span style=\"color: #000000;\"><span class=\"contact-fax\">info@alpbulgur.com<\/span><br \/>\n<\/span><\/div> <!-- description --><\/div> <!-- aio-ibd-block --><\/div> <!-- aio-icon-box --><\/div> <!-- aio-icon-component --><div class=\"hr-thin style-dashed\" style=\"width: 100%;border-color: #d2d2d2;border-top-width: 1px;\"><\/div>[\/vc_column_inner][\/vc_row_inner][\/vc_column][vc_column width=&#8221;1\/2&#8243; offset=&#8221;vc_col-lg-8 vc_col-md-8 vc_col-xs-12&#8243; css=&#8221;.vc_custom_1463577768539{padding-bottom: 20px !important;}&#8221;][vc_gmaps link=&#8221;#E-8_JTNDaWZyYW1lJTIwc3JjJTNEJTIyaHR0cHMlM0ElMkYlMkZ3d3cuZ29vZ2xlLmNvbSUyRm1hcHMlMkZlbWJlZCUzRnBiJTNEJTIxMW0xNCUyMTFtOCUyMTFtMyUyMTFkMzE1My40OTYwMTI0ODc5MDE3JTIxMmQyOS4wODI3NjIzJTIxM2QzNy43Nzg0MTQlMjEzbTIlMjExaTEwMjQlMjEyaTc2OCUyMTRmMTMuMSUyMTNtMyUyMTFtMiUyMTFzMHgxNGM3M2ZhYmY3ZDMwMjE1JTI1M0EweGZjYTFiNTAzZTkwNDU4ZmElMjEyc2FscCUyQmJ1bGd1ciUyQmRpJTI1QzUlMjU5RiUyQmtsaW5pJTI1QzQlMjU5RmklMjE1ZTAlMjEzbTIlMjExc3RyJTIxMnN0ciUyMTR2MTQ2NTY3MjY1MzcxMyUyMiUyMHdpZHRoJTNEJTIyODAwJTIyJTIwaGVpZ2h0JTNEJTIyNDU1JTIyJTIwZnJhbWVib3JkZXIlM0QlMjIwJTIyJTIwc3R5bGUlM0QlMjJib3JkZXIlM0EwJTIyJTIwYWxsb3dmdWxsc2NyZWVuJTNFJTNDJTJGaWZyYW1lJTNF&#8221;][\/vc_column][\/vc_row]<\/p>\n<\/div>","protected":false},"excerpt":{"rendered":"<p>[vc_row type=&#8221;vc_default&#8221; css=&#8221;.vc_custom_1462464386910{margin-top: -50px !important;margin-bottom: -50px !important;padding-top: 80px !important;padding-bottom: 50px !important;}&#8221;][vc_column width=&#8221;1\/2&#8243; offset=&#8221;vc_col-lg-4 vc_col-md-4 vc_col-xs-12&#8243; css=&#8221;.vc_custom_1463577757424{padding-bottom: 30px !important;}&#8221;][vc_row_inner css=&#8221;.vc_custom_1462515106568{padding-right: 25px !important;padding-left: 25px !important;}&#8221;][vc_column_inner css=&#8221;.vc_custom_1462514891002{background-color: #f4f4f4 !important;}&#8221;][\/vc_column_inner][\/vc_row_inner][\/vc_column][vc_column width=&#8221;1\/2&#8243; offset=&#8221;vc_col-lg-8 vc_col-md-8 vc_col-xs-12&#8243; css=&#8221;.vc_custom_1463577768539{padding-bottom: 20px !important;}&#8221;][vc_gmaps link=&#8221;#E-8_JTNDaWZyYW1lJTIwc3JjJTNEJTIyaHR0cHMlM0ElMkYlMkZ3d3cuZ29vZ2xlLmNvbSUyRm1hcHMlMkZlbWJlZCUzRnBiJTNEJTIxMW0xNCUyMTFtOCUyMTFtMyUyMTFkMzE1My40OTYwMTI0ODc5MDE3JTIxMmQyOS4wODI3NjIzJTIxM2QzNy43Nzg0MTQlMjEzbTIlMjExaTEwMjQlMjEyaTc2OCUyMTRmMTMuMSUyMTNtMyUyMTFtMiUyMTFzMHgxNGM3M2ZhYmY3ZDMwMjE1JTI1M0EweGZjYTFiNTAzZTkwNDU4ZmElMjEyc2FscCUyQmJ1bGd1ciUyQmRpJTI1QzUlMjU5RiUyQmtsaW5pJTI1QzQlMjU5RmklMjE1ZTAlMjEzbTIlMjExc3RyJTIxMnN0ciUyMTR2MTQ2NTY3MjY1MzcxMyUyMiUyMHdpZHRoJTNEJTIyODAwJTIyJTIwaGVpZ2h0JTNEJTIyNDU1JTIyJTIwZnJhbWVib3JkZXIlM0QlMjIwJTIyJTIwc3R5bGUlM0QlMjJib3JkZXIlM0EwJTIyJTIwYWxsb3dmdWxsc2NyZWVuJTNFJTNDJTJGaWZyYW1lJTNF&#8221;][\/vc_column][\/vc_row]<\/p>\n","protected":false},"author":1,"featured_media":0,"parent":0,"menu_order":8,"comment_status":"closed","ping_status":"closed","template":"","meta":{"_joinchat":[],"footnotes":""},"class_list":["post-2108","page","type-page","status-publish","hentry","description-off"],"_links":{"self":[{"href":"https:\/\/www.alpbulgur.com\/en\/wp-json\/wp\/v2\/pages\/2108\/"}],"collection":[{"href":"https:\/\/www.alpbulgur.com\/en\/wp-json\/wp\/v2\/pages\/"}],"about":[{"href":"https:\/\/www.alpbulgur.com\/en\/wp-json\/wp\/v2\/types\/page\/"}],"author":[{"embeddable":true,"href":"https:\/\/www.alpbulgur.com\/en\/wp-json\/wp\/v2\/users\/1\/"}],"replies":[{"embeddable":true,"href":"https:\/\/www.alpbulgur.com\/en\/wp-json\/wp\/v2\/comments\/?post=2108"}],"version-history":[{"count":6,"href":"https:\/\/www.alpbulgur.com\/en\/wp-json\/wp\/v2\/pages\/2108\/revisions\/"}],"predecessor-version":[{"id":2848,"href":"https:\/\/www.alpbulgur.com\/en\/wp-json\/wp\/v2\/pages\/2108\/revisions\/2848\/"}],"wp:attachment":[{"href":"https:\/\/www.alpbulgur.com\/en\/wp-json\/wp\/v2\/media\/?parent=2108"}],"curies":[{"name":"wp","href":"https:\/\/api.w.org\/{rel}","templated":true}]}}